{"id":71,"date":"2017-11-19T10:36:49","date_gmt":"2017-11-19T10:36:49","guid":{"rendered":"http:\/\/gcu.unverricht.de\/?page_id=71"},"modified":"2017-11-28T19:31:22","modified_gmt":"2017-11-28T19:31:22","slug":"teppich-und-textilreinigung","status":"publish","type":"page","link":"https:\/\/gcu.unverricht.de\/?page_id=71","title":{"rendered":"Teppichreinigung"},"content":{"rendered":"<p>F\u00fcr Ihre Teppichb\u00f6den oder andere textile Bel\u00e4ge: eine t\u00e4gliche Unterhaltsreinigung mit einem leistungsstarken Staubsauger, am besten einem B\u00fcrstsauger, erh\u00e4lt auf lange Sicht die Optik und die Gebrauchseigentschaften. Je nach Verschmutzungsgrad werden als Grundreinigung das schonende Bonnet Verfahren, die Spr\u00fchextraktion, das Shampoonieren oder die Kombination der Methoden.<\/p>\n","protected":false},"excerpt":{"rendered":"<p>F\u00fcr Ihre Teppichb\u00f6den oder andere textile Bel\u00e4ge: eine t\u00e4gliche Unterhaltsreinigung mit einem leistungsstarken Staubsauger, am besten einem B\u00fcrstsauger, erh\u00e4lt auf lange Sicht die Optik und die Gebrauchseigentschaften. Je nach Verschmutzungsgrad werden als Grundreinigung das schonende Bonnet Verfahren, die Spr\u00fchextraktion, das Shampoonieren oder die Kombination der Methoden.<\/p>\n","protected":false},"author":1,"featured_media":0,"parent":31,"menu_order":4,"comment_status":"closed","ping_status":"closed","template":"","meta":{"footnotes":""},"_links":{"self":[{"href":"https:\/\/gcu.unverricht.de\/index.php?rest_route=\/wp\/v2\/pages\/71"}],"collection":[{"href":"https:\/\/gcu.unverricht.de\/index.php?rest_route=\/wp\/v2\/pages"}],"about":[{"href":"https:\/\/gcu.unverricht.de\/index.php?rest_route=\/wp\/v2\/types\/page"}],"author":[{"embeddable":true,"href":"https:\/\/gcu.unverricht.de\/index.php?rest_route=\/wp\/v2\/users\/1"}],"replies":[{"embeddable":true,"href":"https:\/\/gcu.unverricht.de\/index.php?rest_route=%2Fwp%2Fv2%2Fcomments&post=71"}],"version-history":[{"count":4,"href":"https:\/\/gcu.unverricht.de\/index.php?rest_route=\/wp\/v2\/pages\/71\/revisions"}],"predecessor-version":[{"id":188,"href":"https:\/\/gcu.unverricht.de\/index.php?rest_route=\/wp\/v2\/pages\/71\/revisions\/188"}],"up":[{"embeddable":true,"href":"https:\/\/gcu.unverricht.de\/index.php?rest_route=\/wp\/v2\/pages\/31"}],"wp:attachment":[{"href":"https:\/\/gcu.unverricht.de\/index.php?rest_route=%2Fwp%2Fv2%2Fmedia&parent=71"}],"curies":[{"name":"wp","href":"https:\/\/api.w.org\/{rel}","templated":true}]}}