{"id":69,"date":"2017-11-19T10:35:57","date_gmt":"2017-11-19T10:35:57","guid":{"rendered":"http:\/\/gcu.unverricht.de\/?page_id=69"},"modified":"2017-11-28T19:26:18","modified_gmt":"2017-11-28T19:26:18","slug":"baureinigung","status":"publish","type":"page","link":"https:\/\/gcu.unverricht.de\/?page_id=69","title":{"rendered":"Baureinigung"},"content":{"rendered":"<p>W\u00e4hrend des Baugeschehens halten wir Ordnung auf der Baustelle und sorgen daf\u00fcr, dass von den Spuren der Bauleute zur Schl\u00fcssel\u00fcbergabe nichts mehr zu sehen ist.<\/p>\n<p>Als Rat f\u00fcr Bauherren m\u00f6chten wir aus unserer Sicht empfehlen, dass es sinnvoll sein kann, neben dem Architekten auch mal einen Geb\u00e4udereiniger zu konsultieren, damit nicht nur sch\u00f6n, sondern in Hinsicht auf sp\u00e4tere Reinigungen, auch zweckm\u00e4\u00dfig gebaut wird.<\/p>\n","protected":false},"excerpt":{"rendered":"<p>W\u00e4hrend des Baugeschehens halten wir Ordnung auf der Baustelle und sorgen daf\u00fcr, dass von den Spuren der Bauleute zur Schl\u00fcssel\u00fcbergabe nichts mehr zu sehen ist. Als Rat f\u00fcr Bauherren m\u00f6chten wir aus unserer Sicht empfehlen, dass es sinnvoll sein kann, neben dem Architekten auch mal einen Geb\u00e4udereiniger zu konsultieren, damit nicht nur sch\u00f6n, sondern in [&hellip;]<\/p>\n","protected":false},"author":1,"featured_media":0,"parent":31,"menu_order":3,"comment_status":"closed","ping_status":"closed","template":"","meta":{"footnotes":""},"_links":{"self":[{"href":"https:\/\/gcu.unverricht.de\/index.php?rest_route=\/wp\/v2\/pages\/69"}],"collection":[{"href":"https:\/\/gcu.unverricht.de\/index.php?rest_route=\/wp\/v2\/pages"}],"about":[{"href":"https:\/\/gcu.unverricht.de\/index.php?rest_route=\/wp\/v2\/types\/page"}],"author":[{"embeddable":true,"href":"https:\/\/gcu.unverricht.de\/index.php?rest_route=\/wp\/v2\/users\/1"}],"replies":[{"embeddable":true,"href":"https:\/\/gcu.unverricht.de\/index.php?rest_route=%2Fwp%2Fv2%2Fcomments&post=69"}],"version-history":[{"count":6,"href":"https:\/\/gcu.unverricht.de\/index.php?rest_route=\/wp\/v2\/pages\/69\/revisions"}],"predecessor-version":[{"id":184,"href":"https:\/\/gcu.unverricht.de\/index.php?rest_route=\/wp\/v2\/pages\/69\/revisions\/184"}],"up":[{"embeddable":true,"href":"https:\/\/gcu.unverricht.de\/index.php?rest_route=\/wp\/v2\/pages\/31"}],"wp:attachment":[{"href":"https:\/\/gcu.unverricht.de\/index.php?rest_route=%2Fwp%2Fv2%2Fmedia&parent=69"}],"curies":[{"name":"wp","href":"https:\/\/api.w.org\/{rel}","templated":true}]}}