{"id":65,"date":"2017-11-19T10:35:01","date_gmt":"2017-11-19T10:35:01","guid":{"rendered":"http:\/\/gcu.unverricht.de\/?page_id=65"},"modified":"2017-11-28T19:10:52","modified_gmt":"2017-11-28T19:10:52","slug":"glas-und-gebaeudereinigung","status":"publish","type":"page","link":"https:\/\/gcu.unverricht.de\/?page_id=65","title":{"rendered":"Glas- und Rahmenreinigung"},"content":{"rendered":"<p>Die traditionelle T\u00e4tigkeit des Geb\u00e4udereinigers erfordert handwerkliches Geschick. F\u00fcr luftige H\u00f6hen ist trotz technischer Hilfsmittel auch mitunter Sportlichkeit gefragt.<\/p>\n","protected":false},"excerpt":{"rendered":"<p>Die traditionelle T\u00e4tigkeit des Geb\u00e4udereinigers erfordert handwerkliches Geschick. F\u00fcr luftige H\u00f6hen ist trotz technischer Hilfsmittel auch mitunter Sportlichkeit gefragt.<\/p>\n","protected":false},"author":1,"featured_media":0,"parent":31,"menu_order":1,"comment_status":"closed","ping_status":"closed","template":"","meta":{"footnotes":""},"_links":{"self":[{"href":"https:\/\/gcu.unverricht.de\/index.php?rest_route=\/wp\/v2\/pages\/65"}],"collection":[{"href":"https:\/\/gcu.unverricht.de\/index.php?rest_route=\/wp\/v2\/pages"}],"about":[{"href":"https:\/\/gcu.unverricht.de\/index.php?rest_route=\/wp\/v2\/types\/page"}],"author":[{"embeddable":true,"href":"https:\/\/gcu.unverricht.de\/index.php?rest_route=\/wp\/v2\/users\/1"}],"replies":[{"embeddable":true,"href":"https:\/\/gcu.unverricht.de\/index.php?rest_route=%2Fwp%2Fv2%2Fcomments&post=65"}],"version-history":[{"count":5,"href":"https:\/\/gcu.unverricht.de\/index.php?rest_route=\/wp\/v2\/pages\/65\/revisions"}],"predecessor-version":[{"id":173,"href":"https:\/\/gcu.unverricht.de\/index.php?rest_route=\/wp\/v2\/pages\/65\/revisions\/173"}],"up":[{"embeddable":true,"href":"https:\/\/gcu.unverricht.de\/index.php?rest_route=\/wp\/v2\/pages\/31"}],"wp:attachment":[{"href":"https:\/\/gcu.unverricht.de\/index.php?rest_route=%2Fwp%2Fv2%2Fmedia&parent=65"}],"curies":[{"name":"wp","href":"https:\/\/api.w.org\/{rel}","templated":true}]}}