{"id":33,"date":"2017-11-18T17:00:41","date_gmt":"2017-11-18T17:00:41","guid":{"rendered":"http:\/\/gcu.unverricht.de\/?page_id=33"},"modified":"2020-12-29T17:28:41","modified_gmt":"2020-12-29T17:28:41","slug":"referenzen","status":"publish","type":"page","link":"https:\/\/gcu.unverricht.de\/?page_id=33","title":{"rendered":"Referenzen"},"content":{"rendered":"<p>Hier m\u00f6chten wir Ihnen einen Auszug unserer Referenzkunden geben:<\/p>\n<h3><strong>WOHNUNGSGESELLSCHAFTEN<\/strong><\/h3>\n<ul>\n<li>IWG (<span class=\"st\">Ilmenauer Wohnungs- und Geb\u00e4udegesellschaft<\/span>)<\/li>\n<li>WBG (<span class=\"st\">Wohnungsbaugenossenschaft Ilmenau<\/span>)<\/li>\n<\/ul>\n<h3><strong>\u00d6FFENTLICHE AUFTRAGGEBER<\/strong><\/h3>\n<ul>\n<li>Landratsamt Ilm-Kreis<\/li>\n<li>Technische Universit\u00e4t Ilmenau<\/li>\n<li>Stadtverwaltung Ilmenau<\/li>\n<li>Stadtverwaltung Langewiesen<\/li>\n<li>diverse Kinderg\u00e4rten<\/li>\n<\/ul>\n","protected":false},"excerpt":{"rendered":"<p>Hier m\u00f6chten wir Ihnen einen Auszug unserer Referenzkunden geben: WOHNUNGSGESELLSCHAFTEN IWG (Ilmenauer Wohnungs- und Geb\u00e4udegesellschaft) WBG (Wohnungsbaugenossenschaft Ilmenau) \u00d6FFENTLICHE AUFTRAGGEBER Landratsamt Ilm-Kreis Technische Universit\u00e4t Ilmenau Stadtverwaltung Ilmenau Stadtverwaltung Langewiesen diverse Kinderg\u00e4rten<\/p>\n","protected":false},"author":1,"featured_media":0,"parent":0,"menu_order":3,"comment_status":"closed","ping_status":"closed","template":"","meta":{"footnotes":""},"_links":{"self":[{"href":"https:\/\/gcu.unverricht.de\/index.php?rest_route=\/wp\/v2\/pages\/33"}],"collection":[{"href":"https:\/\/gcu.unverricht.de\/index.php?rest_route=\/wp\/v2\/pages"}],"about":[{"href":"https:\/\/gcu.unverricht.de\/index.php?rest_route=\/wp\/v2\/types\/page"}],"author":[{"embeddable":true,"href":"https:\/\/gcu.unverricht.de\/index.php?rest_route=\/wp\/v2\/users\/1"}],"replies":[{"embeddable":true,"href":"https:\/\/gcu.unverricht.de\/index.php?rest_route=%2Fwp%2Fv2%2Fcomments&post=33"}],"version-history":[{"count":7,"href":"https:\/\/gcu.unverricht.de\/index.php?rest_route=\/wp\/v2\/pages\/33\/revisions"}],"predecessor-version":[{"id":272,"href":"https:\/\/gcu.unverricht.de\/index.php?rest_route=\/wp\/v2\/pages\/33\/revisions\/272"}],"wp:attachment":[{"href":"https:\/\/gcu.unverricht.de\/index.php?rest_route=%2Fwp%2Fv2%2Fmedia&parent=33"}],"curies":[{"name":"wp","href":"https:\/\/api.w.org\/{rel}","templated":true}]}}