{"id":31,"date":"2017-11-18T16:55:55","date_gmt":"2017-11-18T16:55:55","guid":{"rendered":"http:\/\/gcu.unverricht.de\/?page_id=31"},"modified":"2021-09-15T07:58:46","modified_gmt":"2021-09-15T07:58:46","slug":"leistungen","status":"publish","type":"page","link":"https:\/\/gcu.unverricht.de\/?page_id=31","title":{"rendered":"Leistungen"},"content":{"rendered":"\r\n\t<div class=\"aigpl-gallery-slider-wrp \">\r\n\t\t<div class=\"aigpl-gallery aigpl-gallery-wrp aigpl-gallery-slider aigpl-clearfix aigpl-design-1 aigpl-popup-gallery\" id=\"aigpl-gallery-1\">\r\n\t\t\r\n<div class=\"aigpl-slider-slide aigpl-cnt-wrp\" data-item-index=\"1\">\r\n\t<div class=\"aigpl-inr-wrp\">\r\n\t\t<div class=\"aigpl-img-wrp\" style=\"\">\r\n\r\n\t\t\t\t\t\t\t\t<a class=\"aigpl-img-link\" data-mfp-src=\"https:\/\/gcu.unverricht.de\/wp-content\/uploads\/2017\/11\/Glasreinigung-Bild-1.jpg\" href=\"javascript:void(0);\" target=\"_self\">\r\n\t\t\t\t\t\t<img decoding=\"async\" class=\"aigpl-img\"  src=\"https:\/\/gcu.unverricht.de\/wp-content\/uploads\/2017\/11\/Glasreinigung-Bild-1.jpg\" alt=\"\" \/>\r\n\t\t\t\t\t<\/a>\r\n\t\t\t\t\t\t<\/div>\r\n\r\n\t\t\t<\/div>\r\n<\/div>\r\n<div class=\"aigpl-slider-slide aigpl-cnt-wrp\" data-item-index=\"2\">\r\n\t<div class=\"aigpl-inr-wrp\">\r\n\t\t<div class=\"aigpl-img-wrp\" style=\"\">\r\n\r\n\t\t\t\t\t\t\t\t<a class=\"aigpl-img-link\" data-mfp-src=\"https:\/\/gcu.unverricht.de\/wp-content\/uploads\/2017\/11\/Glasreinigung-Bild-4.jpg\" href=\"javascript:void(0);\" target=\"_self\">\r\n\t\t\t\t\t\t<img decoding=\"async\" class=\"aigpl-img\"  src=\"https:\/\/gcu.unverricht.de\/wp-content\/uploads\/2017\/11\/Glasreinigung-Bild-4.jpg\" alt=\"\" \/>\r\n\t\t\t\t\t<\/a>\r\n\t\t\t\t\t\t<\/div>\r\n\r\n\t\t\t<\/div>\r\n<\/div>\r\n<div class=\"aigpl-slider-slide aigpl-cnt-wrp\" data-item-index=\"3\">\r\n\t<div class=\"aigpl-inr-wrp\">\r\n\t\t<div class=\"aigpl-img-wrp\" style=\"\">\r\n\r\n\t\t\t\t\t\t\t\t<a class=\"aigpl-img-link\" data-mfp-src=\"https:\/\/gcu.unverricht.de\/wp-content\/uploads\/2017\/11\/Glasreinigung-Bild-5.jpg\" href=\"javascript:void(0);\" target=\"_self\">\r\n\t\t\t\t\t\t<img decoding=\"async\" class=\"aigpl-img\"  src=\"https:\/\/gcu.unverricht.de\/wp-content\/uploads\/2017\/11\/Glasreinigung-Bild-5.jpg\" alt=\"\" \/>\r\n\t\t\t\t\t<\/a>\r\n\t\t\t\t\t\t<\/div>\r\n\r\n\t\t\t<\/div>\r\n<\/div>\r\n<div class=\"aigpl-slider-slide aigpl-cnt-wrp\" data-item-index=\"4\">\r\n\t<div class=\"aigpl-inr-wrp\">\r\n\t\t<div class=\"aigpl-img-wrp\" style=\"\">\r\n\r\n\t\t\t\t\t\t\t\t<a class=\"aigpl-img-link\" data-mfp-src=\"https:\/\/gcu.unverricht.de\/wp-content\/uploads\/2017\/11\/Unterhaltsreinigung_1.jpg\" href=\"javascript:void(0);\" target=\"_self\">\r\n\t\t\t\t\t\t<img decoding=\"async\" class=\"aigpl-img\"  src=\"https:\/\/gcu.unverricht.de\/wp-content\/uploads\/2017\/11\/Unterhaltsreinigung_1.jpg\" alt=\"\" \/>\r\n\t\t\t\t\t<\/a>\r\n\t\t\t\t\t\t<\/div>\r\n\r\n\t\t\t<\/div>\r\n<\/div>\r\n<div class=\"aigpl-slider-slide aigpl-cnt-wrp\" data-item-index=\"5\">\r\n\t<div class=\"aigpl-inr-wrp\">\r\n\t\t<div class=\"aigpl-img-wrp\" style=\"\">\r\n\r\n\t\t\t\t\t\t\t\t<a class=\"aigpl-img-link\" data-mfp-src=\"https:\/\/gcu.unverricht.de\/wp-content\/uploads\/2017\/11\/Unterhaltsreinigung_2.jpg\" href=\"javascript:void(0);\" target=\"_self\">\r\n\t\t\t\t\t\t<img decoding=\"async\" class=\"aigpl-img\"  src=\"https:\/\/gcu.unverricht.de\/wp-content\/uploads\/2017\/11\/Unterhaltsreinigung_2.jpg\" alt=\"\" \/>\r\n\t\t\t\t\t<\/a>\r\n\t\t\t\t\t\t<\/div>\r\n\r\n\t\t\t<\/div>\r\n<\/div>\r\n<div class=\"aigpl-slider-slide aigpl-cnt-wrp\" data-item-index=\"6\">\r\n\t<div class=\"aigpl-inr-wrp\">\r\n\t\t<div class=\"aigpl-img-wrp\" style=\"\">\r\n\r\n\t\t\t\t\t\t\t\t<a class=\"aigpl-img-link\" data-mfp-src=\"https:\/\/gcu.unverricht.de\/wp-content\/uploads\/2017\/11\/Unterhaltsreinigung_3.jpg\" href=\"javascript:void(0);\" target=\"_self\">\r\n\t\t\t\t\t\t<img decoding=\"async\" class=\"aigpl-img\"  src=\"https:\/\/gcu.unverricht.de\/wp-content\/uploads\/2017\/11\/Unterhaltsreinigung_3.jpg\" alt=\"\" \/>\r\n\t\t\t\t\t<\/a>\r\n\t\t\t\t\t\t<\/div>\r\n\r\n\t\t\t<\/div>\r\n<\/div>\r\n<div class=\"aigpl-slider-slide aigpl-cnt-wrp\" data-item-index=\"7\">\r\n\t<div class=\"aigpl-inr-wrp\">\r\n\t\t<div class=\"aigpl-img-wrp\" style=\"\">\r\n\r\n\t\t\t\t\t\t\t\t<a class=\"aigpl-img-link\" data-mfp-src=\"https:\/\/gcu.unverricht.de\/wp-content\/uploads\/2017\/11\/Baureinigung-Bild-3.jpg\" href=\"javascript:void(0);\" target=\"_self\">\r\n\t\t\t\t\t\t<img decoding=\"async\" class=\"aigpl-img\"  src=\"https:\/\/gcu.unverricht.de\/wp-content\/uploads\/2017\/11\/Baureinigung-Bild-3.jpg\" alt=\"\" \/>\r\n\t\t\t\t\t<\/a>\r\n\t\t\t\t\t\t<\/div>\r\n\r\n\t\t\t<\/div>\r\n<\/div>\r\n<div class=\"aigpl-slider-slide aigpl-cnt-wrp\" data-item-index=\"8\">\r\n\t<div class=\"aigpl-inr-wrp\">\r\n\t\t<div class=\"aigpl-img-wrp\" style=\"\">\r\n\r\n\t\t\t\t\t\t\t\t<a class=\"aigpl-img-link\" data-mfp-src=\"https:\/\/gcu.unverricht.de\/wp-content\/uploads\/2017\/11\/Schmutzfangmattenservice-Bild-2.jpg\" href=\"javascript:void(0);\" target=\"_self\">\r\n\t\t\t\t\t\t<img decoding=\"async\" class=\"aigpl-img\"  src=\"https:\/\/gcu.unverricht.de\/wp-content\/uploads\/2017\/11\/Schmutzfangmattenservice-Bild-2.jpg\" alt=\"\" \/>\r\n\t\t\t\t\t<\/a>\r\n\t\t\t\t\t\t<\/div>\r\n\r\n\t\t\t<\/div>\r\n<\/div>\r\n<div class=\"aigpl-slider-slide aigpl-cnt-wrp\" data-item-index=\"9\">\r\n\t<div class=\"aigpl-inr-wrp\">\r\n\t\t<div class=\"aigpl-img-wrp\" style=\"\">\r\n\r\n\t\t\t\t\t\t\t\t<a class=\"aigpl-img-link\" data-mfp-src=\"https:\/\/gcu.unverricht.de\/wp-content\/uploads\/2017\/11\/Winterdienst-Bild-2.jpg\" href=\"javascript:void(0);\" target=\"_self\">\r\n\t\t\t\t\t\t<img decoding=\"async\" class=\"aigpl-img\"  src=\"https:\/\/gcu.unverricht.de\/wp-content\/uploads\/2017\/11\/Winterdienst-Bild-2.jpg\" alt=\"\" \/>\r\n\t\t\t\t\t<\/a>\r\n\t\t\t\t\t\t<\/div>\r\n\r\n\t\t\t<\/div>\r\n<\/div>\r\n\t\t<\/div>\r\n\t\t<div class=\"aigpl-gallery-slider-conf aigpl-hide\">{&quot;slidestoshow&quot;:3,&quot;slidestoscroll&quot;:1,&quot;dots&quot;:&quot;true&quot;,&quot;arrows&quot;:&quot;true&quot;,&quot;autoplay&quot;:&quot;true&quot;,&quot;autoplay_interval&quot;:3000,&quot;speed&quot;:300,&quot;loop&quot;:&quot;true&quot;,&quot;lazyload&quot;:&quot;&quot;}<\/div>\r\n\t<\/div>\r\n\r\n\t\n<p>Hier erhalten Sie einen \u00dcberblick unserer Leistungen. Wir bieten Ihnen viele Dienstleistungen aus einer Hand rund um das Thema Geb\u00e4udereinigung.<\/p>\n<p>F\u00fcr ein induviduelles Angebot kontaktieren Sie uns im B\u00fcro.<\/p>\n<table>\n<tbody>\n<tr>\n<td>\n<ul>\n<li><a href=\"http:\/\/gcu.unverricht.de\/?page_id=65\">Glas- und Rahmenreinigung <\/a><\/li>\n<li><a href=\"http:\/\/gcu.unverricht.de\/?page_id=174\">Unterhaltsreinigung<\/a><\/li>\n<li><a href=\"http:\/\/gcu.unverricht.de\/?page_id=67\">Industriereinigung<\/a><\/li>\n<li><a href=\"http:\/\/gcu.unverricht.de\/?page_id=69\">Baureinigung<\/a><\/li>\n<li><a href=\"http:\/\/gcu.unverricht.de\/?page_id=84\">Bettfedern- und Textilienreinigung<\/a><\/li>\n<li><a href=\"http:\/\/gcu.unverricht.de\/?page_id=78\">Schmutzfangmattenservice<\/a><\/li>\n<li>Verkauf von Reinigungsmittel<\/li>\n<li><a href=\"http:\/\/gcu.unverricht.de\/?page_id=73\">Grundst\u00fcckspflege und Winterdienst<\/a><\/li>\n<li><a href=\"http:\/\/gcu.unverricht.de\/?page_id=86\">Hausmeisterdienst<\/a><\/li>\n<\/ul>\n<\/td>\n<td><a href=\"http:\/\/gcu.unverricht.de\/?page_id=47\"><img loading=\"lazy\" decoding=\"async\" class=\"alignright size-full wp-image-150\" src=\"http:\/\/gcu.unverricht.de\/wp-content\/uploads\/2017\/11\/geb\u00e4udereinigungUnverricht_M-Telefon_kl.png\" alt=\"\" width=\"371\" height=\"531\" srcset=\"https:\/\/gcu.unverricht.de\/wp-content\/uploads\/2017\/11\/geb\u00e4udereinigungUnverricht_M-Telefon_kl.png 371w, https:\/\/gcu.unverricht.de\/wp-content\/uploads\/2017\/11\/geb\u00e4udereinigungUnverricht_M-Telefon_kl-210x300.png 210w\" sizes=\"(max-width: 371px) 100vw, 371px\" \/><\/a><\/td>\n<\/tr>\n<\/tbody>\n<\/table>\n","protected":false},"excerpt":{"rendered":"<p>Hier erhalten Sie einen \u00dcberblick unserer Leistungen. Wir bieten Ihnen viele Dienstleistungen aus einer Hand rund um das Thema Geb\u00e4udereinigung. F\u00fcr ein induviduelles Angebot kontaktieren Sie uns im B\u00fcro. Glas- und Rahmenreinigung Unterhaltsreinigung Industriereinigung Baureinigung Bettfedern- und Textilienreinigung Schmutzfangmattenservice Verkauf von Reinigungsmittel Grundst\u00fcckspflege und Winterdienst Hausmeisterdienst<\/p>\n","protected":false},"author":1,"featured_media":0,"parent":0,"menu_order":2,"comment_status":"closed","ping_status":"closed","template":"","meta":{"footnotes":""},"_links":{"self":[{"href":"https:\/\/gcu.unverricht.de\/index.php?rest_route=\/wp\/v2\/pages\/31"}],"collection":[{"href":"https:\/\/gcu.unverricht.de\/index.php?rest_route=\/wp\/v2\/pages"}],"about":[{"href":"https:\/\/gcu.unverricht.de\/index.php?rest_route=\/wp\/v2\/types\/page"}],"author":[{"embeddable":true,"href":"https:\/\/gcu.unverricht.de\/index.php?rest_route=\/wp\/v2\/users\/1"}],"replies":[{"embeddable":true,"href":"https:\/\/gcu.unverricht.de\/index.php?rest_route=%2Fwp%2Fv2%2Fcomments&post=31"}],"version-history":[{"count":17,"href":"https:\/\/gcu.unverricht.de\/index.php?rest_route=\/wp\/v2\/pages\/31\/revisions"}],"predecessor-version":[{"id":275,"href":"https:\/\/gcu.unverricht.de\/index.php?rest_route=\/wp\/v2\/pages\/31\/revisions\/275"}],"wp:attachment":[{"href":"https:\/\/gcu.unverricht.de\/index.php?rest_route=%2Fwp%2Fv2%2Fmedia&parent=31"}],"curies":[{"name":"wp","href":"https:\/\/api.w.org\/{rel}","templated":true}]}}