{"id":13,"date":"2017-11-18T16:35:50","date_gmt":"2017-11-18T16:35:50","guid":{"rendered":"http:\/\/gcu.unverricht.de\/?page_id=13"},"modified":"2017-12-04T16:46:16","modified_gmt":"2017-12-04T16:46:16","slug":"firma","status":"publish","type":"page","link":"https:\/\/gcu.unverricht.de\/?page_id=13","title":{"rendered":"Firma"},"content":{"rendered":"<p style=\"text-align: center;\">\r\n\t\t<div class=\"aigpl-gallery aigpl-gallery-wrp aigpl-gallery-grid aigpl-clearfix aigpl-design-1 aigpl-popup-gallery \" id=\"aigpl-gallery-1\">\r\n\r\n\t\t\r\n<div class=\"aigpl-cnt-wrp aigpl-col-3 aigpl-columns aigpl-first\" data-item-index=\"1\">\r\n\t<div class=\"aigpl-inr-wrp\">\r\n\t\t<div class=\"aigpl-img-wrp\" style=\"\">\r\n\r\n\t\t\t\t\t\t\t\t<a class=\"aigpl-img-link\" data-mfp-src=\"https:\/\/gcu.unverricht.de\/wp-content\/uploads\/2017\/11\/Teamfoto.jpg\" href=\"javascript:void(0);\" target=\"_self\">\r\n\t\t\t\t\t\t<img decoding=\"async\" class=\"aigpl-img\"  src=\"https:\/\/gcu.unverricht.de\/wp-content\/uploads\/2017\/11\/Teamfoto.jpg\" alt=\"\" \/>\r\n\t\t\t\t\t<\/a>\r\n\t\t\t\t\t\t<\/div>\r\n\r\n\t\t\t<\/div>\r\n<\/div>\r\n\t\t<\/div><!-- end .aigpl-gallery-wrp -->\r\n\r\n\t<\/p>\n<p>Die Geb\u00e4udereinigung Unverricht ist Ihr regionaler Dienstleister in allen Bereichen rund um das Thema Geb\u00e4udereinigung. Wir erledigen dabei die Kundenw\u00fcnsche unserer Privatkunden genauso sorgf\u00e4ltig wie die unserer Firmenkunden und \u00f6ffentlichen Auftraggeber. Faire Preise und eine hohe Kundenzufriedenheit sind uns besonders wichtig.<\/p>\n<p>Bereits im Jahr 1990 hat der ehemalige Gesch\u00e4ftsf\u00fchrer Ullrich Unverricht die Geb\u00e4udereinigung Unverricht gegr\u00fcndet. Im Jahr 2010 erfolgte schlie\u00dflich der Generationenwechsel und Christian Unverricht \u00fcbernahm das Gesch\u00e4ft.<\/p>\n<p>&nbsp;<\/p>\n<p>Die Geb\u00e4udereinigung besch\u00e4ftigt derzeit: 35 Mitarbeiter<\/p>\n<p>&nbsp;<\/p>\n","protected":false},"excerpt":{"rendered":"<p>Die Geb\u00e4udereinigung Unverricht ist Ihr regionaler Dienstleister in allen Bereichen rund um das Thema Geb\u00e4udereinigung. Wir erledigen dabei die Kundenw\u00fcnsche unserer Privatkunden genauso sorgf\u00e4ltig wie die unserer Firmenkunden und \u00f6ffentlichen Auftraggeber. Faire Preise und eine hohe Kundenzufriedenheit sind uns besonders wichtig. Bereits im Jahr 1990 hat der ehemalige Gesch\u00e4ftsf\u00fchrer Ullrich Unverricht die Geb\u00e4udereinigung Unverricht gegr\u00fcndet. [&hellip;]<\/p>\n","protected":false},"author":1,"featured_media":0,"parent":0,"menu_order":1,"comment_status":"closed","ping_status":"closed","template":"","meta":{"footnotes":""},"_links":{"self":[{"href":"https:\/\/gcu.unverricht.de\/index.php?rest_route=\/wp\/v2\/pages\/13"}],"collection":[{"href":"https:\/\/gcu.unverricht.de\/index.php?rest_route=\/wp\/v2\/pages"}],"about":[{"href":"https:\/\/gcu.unverricht.de\/index.php?rest_route=\/wp\/v2\/types\/page"}],"author":[{"embeddable":true,"href":"https:\/\/gcu.unverricht.de\/index.php?rest_route=\/wp\/v2\/users\/1"}],"replies":[{"embeddable":true,"href":"https:\/\/gcu.unverricht.de\/index.php?rest_route=%2Fwp%2Fv2%2Fcomments&post=13"}],"version-history":[{"count":8,"href":"https:\/\/gcu.unverricht.de\/index.php?rest_route=\/wp\/v2\/pages\/13\/revisions"}],"predecessor-version":[{"id":167,"href":"https:\/\/gcu.unverricht.de\/index.php?rest_route=\/wp\/v2\/pages\/13\/revisions\/167"}],"wp:attachment":[{"href":"https:\/\/gcu.unverricht.de\/index.php?rest_route=%2Fwp%2Fv2%2Fmedia&parent=13"}],"curies":[{"name":"wp","href":"https:\/\/api.w.org\/{rel}","templated":true}]}}